{"id":2310,"date":"2024-02-16T10:12:11","date_gmt":"2024-02-16T10:12:11","guid":{"rendered":"https:\/\/cg-dolmetschen.de\/?page_id=2310"},"modified":"2024-02-26T16:03:50","modified_gmt":"2024-02-26T16:03:50","slug":"konferenzdolmetscherin-fuer-englisch-in-rostock","status":"publish","type":"page","link":"https:\/\/cg-dolmetschen.de\/en\/dolmetscher-rostock\/","title":{"rendered":"Konferenzdolmetscherin f\u00fcr Englisch in Rostock"},"content":{"rendered":"<p class=\"qtranxs-available-languages-message qtranxs-available-languages-message-en\">Sorry, this entry is only available in <a href=\"https:\/\/cg-dolmetschen.de\/de\/wp-json\/wp\/v2\/pages\/2310\" class=\"qtranxs-available-language-link qtranxs-available-language-link-de\" title=\"Deutsch\">Deutsch<\/a>. For the sake of viewer convenience, the content is shown below in the alternative language. You may click the link to switch the active language.<\/p><div class=\"wpb-content-wrapper\"><p>[vc_row content_placement=&#8221;middle&#8221; css=&#8221;.vc_custom_1552569035335{padding-top: 0px !important;padding-right: 0px !important;padding-bottom: 50px !important;padding-left: 0px !important;}&#8221;][vc_column width=&#8221;3\/4&#8243; css=&#8221;.vc_custom_1552998565818{background-color: #e5f7f9 !important;background-position: center !important;background-repeat: no-repeat !important;background-size: cover !important;}&#8221; offset=&#8221;vc_col-xs-12&#8243;][vc_column_text]<\/p>\n<h2 class=\"titleclass\"><span style=\"color: #2ec2ce;\">Simultan\u00fcbersetzerin in Rostock und Warnem\u00fcnde <\/span><\/h2>\n<p>Als Simultan\u00fcbersetzerin f\u00fcr die Sprache Englisch stehe ich Ihnen in Rostock, Warnem\u00fcnde und nat\u00fcrlich auch dar\u00fcber hinaus an der Ostseek\u00fcste zur Verf\u00fcgung. Ob Tourismus-Kongress in Warnem\u00fcnde oder Fachtagung zum Thema Meeresbiologie in Rostock \u2013 hier sind Sie richtig. Ich organisiere f\u00fcr Sie das passende Team aus <a href=\"https:\/\/cg-dolmetschen.de\/simultandolmetschen\/\">Simultandolmetschern<\/a> f\u00fcr Ihr Event in Rostock und auch dar\u00fcber hinaus in Mecklenburg-Vorpommern.[\/vc_column_text][\/vc_column][vc_column width=&#8221;1\/4&#8243; css=&#8221;.vc_custom_1552998697357{margin-top: 0px !important;}&#8221; offset=&#8221;vc_col-xs-8&#8243;][vc_single_image image=&#8221;1977&#8243; img_size=&#8221;medium&#8221; alignment=&#8221;center&#8221; style=&#8221;vc_box_circle&#8221; css_animation=&#8221;fadeIn&#8221;][\/vc_column][\/vc_row][vc_row][vc_column][vc_empty_space height=&#8221;30px&#8221;][\/vc_column][\/vc_row][vc_row][vc_column][vc_separator color=&#8221;custom&#8221; border_width=&#8221;2&#8243; accent_color=&#8221;#2ec2ce&#8221;][\/vc_column][\/vc_row][vc_row parallax=&#8221;content-moving&#8221; css=&#8221;.vc_custom_1552482803246{margin-top: 0px !important;margin-right: 0px !important;margin-left: 0px !important;border-left-width: 0px !important;padding-top: 0px !important;padding-right: 0px !important;padding-bottom: 0px !important;background-position: center;background-repeat: no-repeat;background-size: cover !important;}&#8221;][vc_column css=&#8221;.vc_custom_1552475912010{margin-top: -35px !important;background-position: center !important;background-repeat: no-repeat !important;background-size: cover !important;}&#8221; offset=&#8221;vc_col-xs-12&#8243;][vc_custom_heading text=&#8221;Dolmetscherin f\u00fcr:<br \/>\nEnglisch \u2192 Deutsch<br \/>\nDeutsch \u2192 Englisch&#8221; font_container=&#8221;tag:h2|text_align:center|color:%232ec2ce&#8221; google_fonts=&#8221;font_family:Libre%20Baskerville%3Aregular%2Citalic%2C700|font_style:400%20italic%3A400%3Aitalic&#8221; css_animation=&#8221;fadeInLeft&#8221; css=&#8221;.vc_custom_1706631491998{margin-top: 55px !important;margin-bottom: 50px !important;}&#8221;][\/vc_column][\/vc_row][vc_row][vc_column][vc_separator color=&#8221;custom&#8221; border_width=&#8221;2&#8243; accent_color=&#8221;#2ec2ce&#8221;][\/vc_column][\/vc_row][vc_row css=&#8221;.vc_custom_1708354376714{padding-top: 0px !important;padding-right: 0px !important;padding-bottom: 0px !important;padding-left: 0px !important;}&#8221;][vc_column css=&#8221;.vc_custom_1552561556100{background-position: center !important;background-repeat: no-repeat !important;background-size: cover !important;}&#8221; offset=&#8221;vc_col-xs-12&#8243;][vc_column_text css=&#8221;.vc_custom_1708354243255{margin-bottom: 44px !important;}&#8221;]<\/p>\n<h3 class=\"titleclass\"><span style=\"color: #2ec2ce;\">Simultandolmetscherin f\u00fcr Events in Rostock <\/span><\/h3>\n<p>Gern unterst\u00fctze ich Sie mit dem passenden Team aus Simultan\u00fcbersetzer*innen in den Sprachrichtungen Englisch \u2013 Deutsch und Deutsch \u2013 Englisch. Sie brauchen au\u00dferdem Simultandolmetscher f\u00fcr andere Sprachen? Gern stelle ich f\u00fcr Sie ein komplettes Team aus erfahrenen Simultan\u00fcbersetzern zusammen, damit alle Anwesenden die Sprache sprechen k\u00f6nnen, in der sie sich am wohlsten f\u00fchlen.<\/p>\n<p>Das Spektrum an Veranstaltungsformaten, bei denen ich als Konferenzdolmetscherin im Einsatz bin, ist gro\u00df:<\/p>\n<ul>\n<li><span style=\"color: #2ec2ce;\">Interne Firmenevents<\/span><\/li>\n<li><span style=\"color: #2ec2ce;\">Betriebsversammlungen und Vollversammlungen<\/span><\/li>\n<li><span style=\"color: #2ec2ce;\">Live-Sendungen im Fernsehen<\/span><\/li>\n<li><span style=\"color: #2ec2ce;\">Vortr\u00e4ge und F\u00fchrungen<\/span><\/li>\n<li><span style=\"color: #2ec2ce;\">Kongresse und Tagungen<\/span><\/li>\n<li><span style=\"color: #2ec2ce;\">Podiumsdiskussionen<\/span><\/li>\n<li><\/li>\n<\/ul>\n<p>Ebenso habe ich u. a. mit folgenden Fachgebieten Erfahrung:<\/p>\n<ul>\n<li><span style=\"color: #2ec2ce;\">Politik<\/span><\/li>\n<li><span style=\"color: #2ec2ce;\">Klimaschutz und Nachhaltigkeit<\/span><\/li>\n<li><span style=\"color: #2ec2ce;\">Wirtschaft und Finanzen<\/span><\/li>\n<li><span style=\"color: #2ec2ce;\">Kulturelle Veranstaltungen zu Film, Literatur und Geschichte<\/span><\/li>\n<li><span style=\"color: #2ec2ce;\">Mode und Lifestyle<\/span><\/li>\n<li><span style=\"color: #2ec2ce;\">Internet und Marketing<\/span><\/li>\n<li><\/li>\n<\/ul>\n<p>Die Vorbereitung ist dabei f\u00fcr mich und das Simultandolmetscher-Team das A und O, damit Ihre Veranstaltung sowohl auf Deutsch als auch auf Englisch ein voller Erfolg wird. Damit Fachbegriffe und Branchenjargon sitzen, lesen wir uns vorher in das jeweilige Fachgebiet ein und bereiten uns gut vor. So k\u00f6nnen wir sichergehen, dass wir am Konferenztag inhaltlich sowie sprachlich fest im Sattel sitzen \u2013 bei Themen wie Schifffahrt und Tourismus ebenso wie bei politischen Veranstaltungen. Das Honorar deckt daher nicht nur die Leistung der Simultan\u00fcbersetzer vor Ort ab, sondern auch deren intensive Vorbereitung auf die Fachterminologie und das Thema der Konferenz.[\/vc_column_text][\/vc_column][\/vc_row][vc_row][vc_column css=&#8221;.vc_custom_1552569392011{margin-top: 55px !important;}&#8221;][vc_text_separator title=&#8221;&#8221; i_icon_fontawesome=&#8221;fas fa-microphone-alt&#8221; i_color=&#8221;custom&#8221; i_background_style=&#8221;rounded&#8221; i_background_color=&#8221;custom&#8221; color=&#8221;custom&#8221; border_width=&#8221;2&#8243; add_icon=&#8221;true&#8221; i_custom_color=&#8221;#2ec2ce&#8221; accent_color=&#8221;#2ec2ce&#8221; i_custom_background_color=&#8221;#e5f7f9&#8243;][\/vc_column][\/vc_row][vc_row parallax=&#8221;content-moving&#8221; css=&#8221;.vc_custom_1552316894814{margin-right: 0px !important;margin-left: 0px !important;border-left-width: 0px !important;padding-top: 0px !important;padding-right: 0px !important;padding-bottom: 44px !important;}&#8221;][vc_column width=&#8221;1\/2&#8243; css=&#8221;.vc_custom_1551346842915{background-position: center !important;background-repeat: no-repeat !important;background-size: cover !important;}&#8221; offset=&#8221;vc_col-xs-12&#8243;]<div class=\"karma-by-kadar__simple-player karma-by-kadar__simple-player--cyan \" data-title=\"Stimmprobe Deutsch\" data-src=\"https:\/\/cg-dolmetschen.de\/wp-content\/uploads\/2024\/01\/Stimmprobe-1-DE.mp3\" data-volume=\"0.7\" >\n\t\t\t<div class=\"karma-by-kadar__simple-player__player\"><\/div>\n\t\t\t<div class=\"karma-by-kadar__simple-player__play-pause\">\n\t\t\t\t<div class=\"karma-by-kadar__simple-player__play\">\n\t\t\t\t\t<i class=\"material-icons\">play_circle_filled<\/i>\n\t\t\t\t<\/div>\n\t\t\t\t<div class=\"karma-by-kadar__simple-player__pause\">\n\t\t\t\t\t<i class=\"material-icons\">pause_circle_filled<\/i>\n\t\t\t\t<\/div>\n\t\t\t<\/div><div class=\"karma-by-kadar__simple-player__title\">\n\t\t\t\t<div class=\"karma-by-kadar__simple-player__title__the-title\">Stimmprobe Deutsch<\/div><\/div><div class=\"karma-by-kadar__simple-player__volume-handler-container\">\n\t\t\t\t<div class=\"karma-by-kadar__simple-player__middle\">\n\t\t\t\t\t<div class=\"karma-by-kadar__simple-player__seekbar\">\n\t\t\t\t\t\t<div class=\"karma-by-kadar__simple-player__seekbar__bg\"><\/div>\n\t\t\t\t\t<\/div>\n\t\t\t\t\t<div class=\"karma-by-kadar__simple-player__current-time\"><\/div>\n\t\t\t\t\t<div class=\"karma-by-kadar__simple-player__duration\"><\/div>\n\t\t\t\t<\/div>\n\t\t\t\t<div class=\"karma-by-kadar__simple-player__right\">\n\t\t\t\t\t<div class=\"karma-by-kadar__simple-player__volume\">\n\t\t\t\t\t\t<div class=\"karma-by-kadar__simple-player__volume__bar\">\n\t\t\t\t\t\t\t<div class=\"karma-by-kadar__simple-player__volume__seekbar\">\n\t\t\t\t\t\t\t\t<div class=\"karma-by-kadar__simple-player__volume__seekbar__bg\"><\/div>\n\t\t\t\t\t\t\t<\/div>\n\t\t\t\t\t\t\t<i class=\"material-icons\">volume_down<\/i>\n\t\t\t\t\t\t<\/div>\n\t\t\t\t\t\t<div class=\"karma-by-kadar__simple-player__mute\">\n\t\t\t\t\t\t\t<i class=\"material-icons\">volume_up<\/i>\n\t\t\t\t\t\t<\/div>\n\t\t\t\t\t\t<div class=\"karma-by-kadar__simple-player__unmute\">\n\t\t\t\t\t\t\t<i class=\"material-icons\">volume_off<\/i>\n\t\t\t\t\t\t<\/div>\n\t\t\t\t\t<\/div>\n\t\t\t\t<\/div>\n\t\t\t<\/div>\n\t\t<\/div>[\/vc_column][vc_column width=&#8221;1\/2&#8243; offset=&#8221;vc_col-xs-12&#8243;]<div class=\"karma-by-kadar__simple-player karma-by-kadar__simple-player--cyan \" data-title=\"Stimmprobe Englisch\" data-src=\"https:\/\/cg-dolmetschen.de\/wp-content\/uploads\/2024\/01\/Sample-1-EN.mp3\" data-volume=\"0.7\" >\n\t\t\t<div class=\"karma-by-kadar__simple-player__player\"><\/div>\n\t\t\t<div class=\"karma-by-kadar__simple-player__play-pause\">\n\t\t\t\t<div class=\"karma-by-kadar__simple-player__play\">\n\t\t\t\t\t<i class=\"material-icons\">play_circle_filled<\/i>\n\t\t\t\t<\/div>\n\t\t\t\t<div class=\"karma-by-kadar__simple-player__pause\">\n\t\t\t\t\t<i class=\"material-icons\">pause_circle_filled<\/i>\n\t\t\t\t<\/div>\n\t\t\t<\/div><div class=\"karma-by-kadar__simple-player__title\">\n\t\t\t\t<div class=\"karma-by-kadar__simple-player__title__the-title\">Stimmprobe Englisch<\/div><\/div><div class=\"karma-by-kadar__simple-player__volume-handler-container\">\n\t\t\t\t<div class=\"karma-by-kadar__simple-player__middle\">\n\t\t\t\t\t<div class=\"karma-by-kadar__simple-player__seekbar\">\n\t\t\t\t\t\t<div class=\"karma-by-kadar__simple-player__seekbar__bg\"><\/div>\n\t\t\t\t\t<\/div>\n\t\t\t\t\t<div class=\"karma-by-kadar__simple-player__current-time\"><\/div>\n\t\t\t\t\t<div class=\"karma-by-kadar__simple-player__duration\"><\/div>\n\t\t\t\t<\/div>\n\t\t\t\t<div class=\"karma-by-kadar__simple-player__right\">\n\t\t\t\t\t<div class=\"karma-by-kadar__simple-player__volume\">\n\t\t\t\t\t\t<div class=\"karma-by-kadar__simple-player__volume__bar\">\n\t\t\t\t\t\t\t<div class=\"karma-by-kadar__simple-player__volume__seekbar\">\n\t\t\t\t\t\t\t\t<div class=\"karma-by-kadar__simple-player__volume__seekbar__bg\"><\/div>\n\t\t\t\t\t\t\t<\/div>\n\t\t\t\t\t\t\t<i class=\"material-icons\">volume_down<\/i>\n\t\t\t\t\t\t<\/div>\n\t\t\t\t\t\t<div class=\"karma-by-kadar__simple-player__mute\">\n\t\t\t\t\t\t\t<i class=\"material-icons\">volume_up<\/i>\n\t\t\t\t\t\t<\/div>\n\t\t\t\t\t\t<div class=\"karma-by-kadar__simple-player__unmute\">\n\t\t\t\t\t\t\t<i class=\"material-icons\">volume_off<\/i>\n\t\t\t\t\t\t<\/div>\n\t\t\t\t\t<\/div>\n\t\t\t\t<\/div>\n\t\t\t<\/div>\n\t\t<\/div>[\/vc_column][\/vc_row][vc_row][vc_column][vc_separator color=&#8221;custom&#8221; border_width=&#8221;2&#8243; accent_color=&#8221;#2ec2ce&#8221;][\/vc_column][\/vc_row][vc_row css=&#8221;.vc_custom_1552569101702{padding-top: 0px !important;padding-right: 0px !important;padding-bottom: 0px !important;padding-left: 0px !important;}&#8221;][vc_column css=&#8221;.vc_custom_1552320048651{background-position: center !important;background-repeat: no-repeat !important;background-size: cover !important;}&#8221; offset=&#8221;vc_col-xs-12&#8243;][vc_column_text]<\/p>\n<h3 class=\"titleclass\"><span style=\"color: #2ec2ce;\">Englisch-Simultandolmetscher inkl. Technik<\/span><\/h3>\n<p>Wenn Simultandolmetscher*innen zum Einsatz kommen, wird auch die passende technische Ausstattung ben\u00f6tigt. Dazu geh\u00f6ren eine schalldichte Dolmetschkabine sowie Empf\u00e4nger und Kopfh\u00f6rer, \u00fcber die die Anwesenden den Simultandolmetschern auf Deutsch oder Englisch zuh\u00f6ren. Gern k\u00fcmmere ich mich neben der Organisation der Konferenzdolmetscher-Teams auch um die dazugeh\u00f6rige Technik.<\/p>\n<p>Kontaktieren Sie mich gerne, damit wir Ihre Fragen und alle relevanten Aspekte besprechen k\u00f6nnen. Auf dieser Basis erhalten Sie von mir ein unverbindliches Angebot, das auf Ihre Veranstaltung zugeschnitten ist.[\/vc_column_text][\/vc_column][\/vc_row][vc_row css=&#8221;.vc_custom_1552569291529{margin-top: 35px !important;}&#8221;][vc_column css=&#8221;.vc_custom_1552569258932{margin-top: 0px !important;}&#8221;][vc_text_separator title=&#8221;&#8221; i_icon_fontawesome=&#8221;fas fa-envelope&#8221; i_color=&#8221;custom&#8221; color=&#8221;custom&#8221; border_width=&#8221;2&#8243; add_icon=&#8221;true&#8221; i_custom_color=&#8221;#2ec2ce&#8221; accent_color=&#8221;#2ec2ce&#8221;][\/vc_column][\/vc_row][vc_row css=&#8221;.vc_custom_1552569201087{margin-top: 0px !important;}&#8221;][vc_column][vc_column_text]<\/p>\n<h5 class=\"titleclass\">Jetzt anfragen<\/h5>\n<p>[\/vc_column_text][\/vc_column][\/vc_row][vc_row css=&#8221;.vc_custom_1552567747497{margin-bottom: 35px !important;}&#8221;][vc_column width=&#8221;1\/2&#8243; css=&#8221;.vc_custom_1552566117314{margin-left: -20px !important;}&#8221;]\n<div class=\"wpcf7 no-js\" id=\"wpcf7-f505-o1\" lang=\"de-DE\" dir=\"ltr\" data-wpcf7-id=\"505\">\n<div class=\"screen-reader-response\"><p role=\"status\" aria-live=\"polite\" aria-atomic=\"true\"><\/p> <ul><\/ul><\/div>\n<form action=\"\/en\/wp-json\/wp\/v2\/pages\/2310#wpcf7-f505-o1\" method=\"post\" class=\"wpcf7-form init\" aria-label=\"Kontaktformular\" novalidate=\"novalidate\" data-status=\"init\">\n<div style=\"display: none;\">\n<input type=\"hidden\" name=\"_wpcf7\" value=\"505\" \/>\n<input type=\"hidden\" name=\"_wpcf7_version\" value=\"6.0.2\" \/>\n<input type=\"hidden\" name=\"_wpcf7_locale\" value=\"de_DE\" \/>\n<input type=\"hidden\" name=\"_wpcf7_unit_tag\" value=\"wpcf7-f505-o1\" \/>\n<input type=\"hidden\" name=\"_wpcf7_container_post\" value=\"0\" \/>\n<input type=\"hidden\" name=\"_wpcf7_posted_data_hash\" value=\"\" \/>\n<\/div>\n<p><label>\n\t\t<FONT SIZE=\"3\">Name\n\t\t<\/font><br \/>\n<span class=\"wpcf7-form-control-wrap\" data-name=\"your-name\"><input size=\"40\" maxlength=\"400\" class=\"wpcf7-form-control wpcf7-text wpcf7-validates-as-required\" aria-required=\"true\" aria-invalid=\"false\" value=\"\" type=\"text\" name=\"your-name\" \/><\/span> <\/label>\n<\/p>\n<p><label>\n\t\t<FONT SIZE=\"3\">E-Mail\n\t\t<\/font><br \/>\n<span class=\"wpcf7-form-control-wrap\" data-name=\"your-email\"><input size=\"40\" maxlength=\"400\" class=\"wpcf7-form-control wpcf7-email wpcf7-validates-as-required wpcf7-text wpcf7-validates-as-email\" aria-required=\"true\" aria-invalid=\"false\" value=\"\" type=\"email\" name=\"your-email\" \/><\/span> <\/label>\n<\/p>\n<p><label>\n\t\t<FONT SIZE=\"3\">Telefon\n\t\t<\/font><br \/>\n<span class=\"wpcf7-form-control-wrap\" data-name=\"your-phone\"><input size=\"40\" maxlength=\"400\" class=\"wpcf7-form-control wpcf7-text\" aria-invalid=\"false\" value=\"\" type=\"text\" name=\"your-phone\" \/><\/span> <\/label>\n<\/p>\n<p><label>\n\t\t<FONT SIZE=\"3\">Betreff\n\t\t<\/font><br \/>\n<span class=\"wpcf7-form-control-wrap\" data-name=\"your-subject\"><input size=\"40\" maxlength=\"400\" class=\"wpcf7-form-control wpcf7-text\" aria-invalid=\"false\" value=\"\" type=\"text\" name=\"your-subject\" \/><\/span> <\/label>\n<\/p>\n<p><label>\n\t\t<FONT SIZE=\"3\">Ihre Nachricht\n\t\t<\/font><br \/>\n<span class=\"wpcf7-form-control-wrap\" data-name=\"your-message\"><textarea cols=\"40\" rows=\"10\" maxlength=\"2000\" class=\"wpcf7-form-control wpcf7-textarea\" aria-invalid=\"false\" name=\"your-message\"><\/textarea><\/span> <\/label>\n<\/p>\n<p><span class=\"wpcf7-form-control-wrap\" data-name=\"acceptance-520\"><span class=\"wpcf7-form-control wpcf7-acceptance optional\"><span class=\"wpcf7-list-item\"><label><input type=\"checkbox\" name=\"acceptance-520\" value=\"1\" aria-invalid=\"false\" \/><span class=\"wpcf7-list-item-label\"><FONT SIZE=\"2\">Mit der Nutzung dieses Formulars erkl\u00e4ren Sie sich\nmit der Speicherung und Verarbeitung Ihrer Daten durch diese Website einverstanden.<\/FONT><\/span><\/label><\/span><\/span><\/span>\n<\/p>\n<p><input class=\"wpcf7-form-control wpcf7-submit has-spinner\" type=\"submit\" value=\"Senden\" \/>\n<\/p><div class=\"wpcf7-response-output\" aria-hidden=\"true\"><\/div>\n<\/form>\n<\/div>\n[\/vc_column][vc_column width=&#8221;1\/2&#8243;][vc_empty_space height=&#8221;42px&#8221;][vc_column_text]<strong>Catleen Gr\u00f6tschel<br \/>\n<\/strong>Dolmetscherin<br \/>\nDeutsch \u2013 Englisch[\/vc_column_text][vc_separator color=&#8221;custom&#8221; border_width=&#8221;2&#8243; accent_color=&#8221;#2ec2ce&#8221;][vc_column_text]Berufswohnsitz:<br \/>\nBerlin[\/vc_column_text][vc_separator color=&#8221;custom&#8221; border_width=&#8221;2&#8243; accent_color=&#8221;#2ec2ce&#8221;][vc_column_text]Telefon:<br \/>\n+49 152 562 528 42[\/vc_column_text][vc_separator color=&#8221;custom&#8221; border_width=&#8221;2&#8243; accent_color=&#8221;#2ec2ce&#8221;][vc_column_text]E-Mail:<br \/>\n<a href=\"mailto:kontakt@cg-dolmetschen.de\">kontakt@cg-dolmetschen.de<\/a>[\/vc_column_text][vc_separator color=&#8221;custom&#8221; border_width=&#8221;2&#8243; accent_color=&#8221;#2ec2ce&#8221;][\/vc_column][\/vc_row]<\/p>\n<\/div>","protected":false},"excerpt":{"rendered":"<p>Sorry, this entry is only available in Deutsch. For the sake of viewer convenience, the content is shown below in the alternative language. You may click the link to switch the active language.[vc_row content_placement=&#8221;middle&#8221; css=&#8221;.vc_custom_1552569035335{padding-top: 0px !important;padding-right: 0px !important;padding-bottom: 50px !important;padding-left: 0px !important;}&#8221;][vc_column width=&#8221;3\/4&#8243; css=&#8221;.vc_custom_1552998565818{background-color: #e5f7f9 &hellip; <\/p>\n<p><a href=\"https:\/\/cg-dolmetschen.de\/en\/dolmetscher-rostock\/\" class=\"more-link\"><span class=\"morelink-icon\">Read more<\/span><\/a><\/p>\n","protected":false},"author":4,"featured_media":1277,"parent":0,"menu_order":0,"comment_status":"closed","ping_status":"closed","template":"page-templates\/full-width.php","meta":{"_seopress_robots_primary_cat":"","_seopress_titles_title":"Konferenzdolmetscher Rostock | CG-Dolmetschen ","_seopress_titles_desc":"Als Simultan\u00fcbersetzerin f\u00fcr Englisch organisiere ich das passende Konferenzdolmetscher-Team f\u00fcr Events und Kongresse in Rostock und Warnem\u00fcnde.","_seopress_robots_index":"","_monsterinsights_skip_tracking":false,"_monsterinsights_sitenote_active":false,"_monsterinsights_sitenote_note":"","_monsterinsights_sitenote_category":0,"footnotes":""},"class_list":["post-2310","page","type-page","status-publish","has-post-thumbnail","hentry"],"_links":{"self":[{"href":"https:\/\/cg-dolmetschen.de\/en\/wp-json\/wp\/v2\/pages\/2310","targetHints":{"allow":["GET"]}}],"collection":[{"href":"https:\/\/cg-dolmetschen.de\/en\/wp-json\/wp\/v2\/pages"}],"about":[{"href":"https:\/\/cg-dolmetschen.de\/en\/wp-json\/wp\/v2\/types\/page"}],"author":[{"embeddable":true,"href":"https:\/\/cg-dolmetschen.de\/en\/wp-json\/wp\/v2\/users\/4"}],"replies":[{"embeddable":true,"href":"https:\/\/cg-dolmetschen.de\/en\/wp-json\/wp\/v2\/comments?post=2310"}],"version-history":[{"count":6,"href":"https:\/\/cg-dolmetschen.de\/en\/wp-json\/wp\/v2\/pages\/2310\/revisions"}],"predecessor-version":[{"id":2409,"href":"https:\/\/cg-dolmetschen.de\/en\/wp-json\/wp\/v2\/pages\/2310\/revisions\/2409"}],"wp:featuredmedia":[{"embeddable":true,"href":"https:\/\/cg-dolmetschen.de\/en\/wp-json\/wp\/v2\/media\/1277"}],"wp:attachment":[{"href":"https:\/\/cg-dolmetschen.de\/en\/wp-json\/wp\/v2\/media?parent=2310"}],"curies":[{"name":"wp","href":"https:\/\/api.w.org\/{rel}","templated":true}]}}